{"id":3713,"date":"2025-10-29T08:53:49","date_gmt":"2025-10-29T08:53:49","guid":{"rendered":"https:\/\/pro.barestho.com\/?page_id=3713"},"modified":"2025-10-29T13:00:26","modified_gmt":"2025-10-29T13:00:26","slug":"politique-de-cookies","status":"publish","type":"page","link":"https:\/\/pro.barestho.com\/en\/politique-de-cookies\/","title":{"rendered":"Cookie policy"},"content":{"rendered":"<div data-elementor-type=\"wp-page\" data-elementor-id=\"3713\" class=\"elementor elementor-3713\" data-elementor-post-type=\"page\">\n\t\t\t\t<div class=\"elementor-element elementor-element-c77f9a0 e-flex e-con-boxed e-con e-parent\" data-id=\"c77f9a0\" data-element_type=\"container\" data-e-type=\"container\">\n\t\t\t\t\t<div class=\"e-con-inner\">\n\t\t\t\t<div class=\"elementor-element elementor-element-d4d12f9 elementor-widget elementor-widget-heading\" data-id=\"d4d12f9\" data-element_type=\"widget\" data-e-type=\"widget\" data-widget_type=\"heading.default\">\n\t\t\t\t\t<h2 class=\"elementor-heading-title elementor-size-default\">Cookie policy\n\n<\/h2>\t\t\t\t<\/div>\n\t\t\t\t<div class=\"elementor-element elementor-element-cae20fb elementor-widget elementor-widget-text-editor\" data-id=\"cae20fb\" data-element_type=\"widget\" data-e-type=\"widget\" data-widget_type=\"text-editor.default\">\n\t\t\t\t\t\t\t\t\t<section>\n<div>\n<h6><span style=\"color: rgb(220, 0, 68); font-weight: bolder;\"><u>L&rsquo;utilisation de cookies<\/u><\/span><\/h6>\n<h6><span style=\"color: inherit; font-family: inherit; font-size: 1rem;\">Notre site web Barestho.com utilise des cookies. Un cookie est un petit fichier qui est envoy\u00e9 avec les pages de ce site Web et\/ou les applications Flash et qui est stock\u00e9 par votre navigateur sur votre disque dur \u00e0 partir de votre ordinateur, t\u00e9l\u00e9phone portable, montre connect\u00e9e ou tablette. Les informations qui y sont stock\u00e9es peuvent \u00eatre retourn\u00e9es \u00e0 nos serveurs lors d&rsquo;une visite ult\u00e9rieure.<\/span><\/h6>\n<p><\/p>\n<p>L&rsquo;utilisation de cookies est d&rsquo;une grande importance pour le bon fonctionnement de notre site web. Gr\u00e2ce \u00e0 la contribution (anonyme) des visiteurs, nous pouvons am\u00e9liorer l&rsquo;utilisation du site internet et le rendre plus convivial.<\/p><p><br><\/p>\n<p><\/p>\n<h6><span style=\"text-decoration: underline; color: #dc0044;\"><strong>Consentement<\/strong><\/span><span style=\"color: inherit; font-family: inherit; font-size: 1rem;\">&nbsp;<\/span><\/h6>\n<h6>Votre consentement est requis pour l&rsquo;utilisation de certains cookies. Nous le recueillons au moyen d&rsquo;une banni\u00e8re informative.<\/h6><h6><br><\/h6>\n<p><\/p>\n<h6><span style=\"text-decoration: underline; color: #dc0044;\"><strong>Le type de cookies utilis\u00e9s et leurs objectifs<\/strong><\/span><\/h6>\n<h6>Nous utilisons les cookies suivants :<\/h6>\n<ul>\n<li>Cookies de mesure d&rsquo;audience : ils garantissent qu&rsquo;un cookie anonyme est g\u00e9n\u00e9r\u00e9 \u00e0 chaque fois que vous visitez un site internet. Ces cookies permettent de savoir si vous avez d\u00e9j\u00e0 visit\u00e9 le site auparavant ou non. Ce n&rsquo;est que lors de la premi\u00e8re visite qu\u2019un cookie est cr\u00e9\u00e9. Lors des visites suivantes, l&rsquo;utilisation du cookie d\u00e9j\u00e0 existant est automatique. Ce cookie n&rsquo;est utilis\u00e9 qu&rsquo;\u00e0 des fins statistiques. De cette fa\u00e7on, les donn\u00e9es suivantes peuvent \u00eatre collect\u00e9es :<br><\/li><ul>\n<li>Le nombre de visiteurs uniques<\/li>\n<li>La fr\u00e9quence \u00e0 laquelle les utilisateurs visitent le site<\/li>\n<li>Quelles pages les visiteurs consultent<\/li>\n<li>Combien de temps les utilisateurs consultent une page particuli\u00e8re<\/li>\n<li>La page \u00e0 partir de laquelle les visiteurs quittent le site<\/li>\n<\/ul>\n\n<\/ul><div><br><\/div>\n<h6><span style=\"text-decoration: underline; color: #dc0044;\"><strong>Liste des cookies utilis\u00e9s<\/strong><\/span><\/h6><h6><span style=\"color: inherit; font-family: inherit; font-size: 1rem;\">Cookies Google :<\/span><\/h6>\n<ul>\n<li>Google analytics : permet de mesurer l&rsquo;audience du site.<\/li>\n<\/ul><div><br><\/div>\n<p><span style=\"text-decoration: underline;\"><span style=\"color: #dc0044; text-decoration: underline;\"><strong>Vos droits \u00e0 l&rsquo;\u00e9gard de vos donn\u00e9es personnelles<\/strong><\/span><\/span><\/p>\n<p><\/p>\n<p><span style=\"font-size: 14px;\">Vous disposez d&rsquo;un droit d&rsquo;acc\u00e8s, de rectification, de limitation et de suppression de vos donn\u00e9es personnelles. En outre, vous avez le droit de vous opposer au traitement des donn\u00e9es personnelles et le droit \u00e0 la transf\u00e9rabilit\u00e9 de vos donn\u00e9es. Vous pouvez exercer ces droits en nous envoyant un mail \u00e0 l&rsquo;adresse suivante contact@barestho.com. Afin de pr\u00e9venir les abus, nous pouvons vous demander de vous identifier sur notre site. Lorsqu&rsquo;il s&rsquo;agit d&rsquo;acc\u00e9der \u00e0 des donn\u00e9es personnelles li\u00e9es \u00e0 un cookie, nous vous demandons de nous envoyer une copie du cookie en question. Vous pouvez les trouver dans les param\u00e8tres de votre navigateur.<\/span><\/p><p><span style=\"font-size: 14px;\"><br><\/span><\/p>\n<p><\/p>\n<h6><span style=\"text-decoration: underline; color: #dc0044;\"><strong>Blocage et suppression des cookies<\/strong><\/span><\/h6>\n<h6>Vous pouvez facilement bloquer et supprimer vous-m\u00eame les cookies \u00e0 tout moment par votre navigateur Internet. Vous pouvez \u00e9galement configurer votre navigateur Internet de mani\u00e8re \u00e0 recevoir un message lorsqu&rsquo;un cookie est install\u00e9. Vous pouvez \u00e9galement indiquer que certains cookies ne peuvent pas \u00eatre install\u00e9s. Pour cela, veuillez consultez la fonction d&rsquo;aide de votre navigateur. Si vous supprimez les cookies de votre navigateur, cela peut le cas \u00e9ch\u00e9ant avoir des cons\u00e9quences sur l&rsquo;utilisation de notre site internet.<\/h6>\n<p>Certains cookies de suivi sont install\u00e9s par des tiers qui vous affichent des publicit\u00e9s via notre site Web. Vous pouvez supprimer ces cookies de mani\u00e8re centralis\u00e9e via www.youronlinechoices.eu.<\/p>\n<p>Veuillez noter que si vous ne voulez pas de cookies, nous ne serons plus en mesure de garantir le bon fonctionnement de notre site Web. Certaines caract\u00e9ristiques du site peuvent \u00eatre alt\u00e9r\u00e9es et dans certains cas, vous ne pourrez plus acc\u00e9der au site. De plus, le refus des cookies ne signifie pas que vous ne verrez aucune publicit\u00e9. Les annonces ne sont plus adapt\u00e9es \u00e0 vos centres d&rsquo;int\u00e9r\u00eat et peuvent donc appara\u00eetre plus souvent.<\/p>\n<p>Les \u00e9tapes \u00e0 suivre pour ajuster vos param\u00e8tres varient d&rsquo;un navigateur \u00e0 un autre. Si n\u00e9cessaire, consultez la fonction d&rsquo;aide de votre navigateur, ou rendez-vous sur l\u2019un des liens ci-dessous pour acc\u00e9der directement au manuel de votre navigateur.<\/p>\n<ul>\n<li>Firefox : https:\/\/support.mozilla.org\/fr\/kb\/effacer-les-cookies-pour-supprimer-les-information<\/li>\n<li>Google Chrome : https:\/\/support.google.com\/chrome\/answer\/95647?co=GENIE.Platform=Desktop&amp;hl=fr<\/li>\n<li>Safari : https:\/\/support.apple.com\/kb\/ph21411?locale=fr_FR<\/li>\n<\/ul><div><br><\/div>\n<h6><span style=\"text-decoration: underline; color: #dc0044;\"><strong>Nouveaux d\u00e9veloppements et cookies non pr\u00e9vus<\/strong><\/span><\/h6>\n<h6><span style=\"color: inherit; font-family: inherit; font-size: 1rem;\">Sur certaines de nos pages, nous pouvons utiliser du contenu qui est h\u00e9berg\u00e9 sur d&rsquo;autres sites et qui est rendu accessible sur notre site internet au moyen de certains codes (contenu int\u00e9gr\u00e9). Ces codes utilisent souvent des cookies. Nous n\u2019avons cependant aucun contr\u00f4le sur ce que ces tiers font de leurs cookies.<\/span><\/h6>\n<p>Il est \u00e9galement possible que, par l&rsquo;interm\u00e9diaire de notre site internet, des cookies soient plac\u00e9s par d&rsquo;autres personnes. Vous avez trouv\u00e9 sur notre site internet des cookies que nous n&rsquo;avons pas identifi\u00e9s ? Veuillez nous le faire savoir par mail. Vous pouvez \u00e9galement contacter directement le tiers et lui demander quels cookies il place, quelle en est la raison, quelle est la dur\u00e9e de vie du cookie et quelles sont les mesures pour prot\u00e9ger votre vie priv\u00e9e.<\/p><p><br><\/p>\n<p><\/p>\n<h6><span style=\"text-decoration: underline; color: #dc0044;\"><strong>Remarques<\/strong><\/span><\/h6>\n<h6><span style=\"color: inherit; font-family: inherit; font-size: 1rem;\">Nous devrons mettre \u00e0 jour cette politique d&rsquo;utilisation des cookies r\u00e9guli\u00e8rement par exemple lorsque nous modifions notre site Web ou les r\u00e8gles le concernant. Nous vous prions de consulter cette page pour prendre connaissance de la derni\u00e8re version de notre politique d&rsquo;utilisation des cookies.<\/span><\/h6>\n<p>Si vous avez des questions et\/ou des commentaires, veuillez nous contacter \u00e0 l&rsquo;adresse e-mail suivante : contact@barestho.com<\/p>\n<\/div>\n<\/section>\n<section>\n<div>&nbsp;<\/div>\n<\/section>\t\t\t\t\t\t\t\t<\/div>\n\t\t\t\t\t<\/div>\n\t\t\t\t<\/div>\n\t\t\t\t<\/div>","protected":false},"excerpt":{"rendered":"<p>Politique de cookies L&rsquo;utilisation de cookies Notre site web Barestho.com utilise des cookies. Un cookie est un petit fichier qui est envoy\u00e9 avec les pages de ce site Web et\/ou les applications Flash et qui est stock\u00e9 par votre navigateur sur votre disque dur \u00e0 partir de votre ordinateur, t\u00e9l\u00e9phone portable, montre connect\u00e9e ou tablette. [&hellip;]<\/p>\n","protected":false},"author":1,"featured_media":0,"parent":0,"menu_order":0,"comment_status":"closed","ping_status":"closed","template":"","meta":{"footnotes":""},"class_list":["post-3713","page","type-page","status-publish","hentry"],"_links":{"self":[{"href":"https:\/\/pro.barestho.com\/en\/wp-json\/wp\/v2\/pages\/3713","targetHints":{"allow":["GET"]}}],"collection":[{"href":"https:\/\/pro.barestho.com\/en\/wp-json\/wp\/v2\/pages"}],"about":[{"href":"https:\/\/pro.barestho.com\/en\/wp-json\/wp\/v2\/types\/page"}],"author":[{"embeddable":true,"href":"https:\/\/pro.barestho.com\/en\/wp-json\/wp\/v2\/users\/1"}],"replies":[{"embeddable":true,"href":"https:\/\/pro.barestho.com\/en\/wp-json\/wp\/v2\/comments?post=3713"}],"version-history":[{"count":13,"href":"https:\/\/pro.barestho.com\/en\/wp-json\/wp\/v2\/pages\/3713\/revisions"}],"predecessor-version":[{"id":4169,"href":"https:\/\/pro.barestho.com\/en\/wp-json\/wp\/v2\/pages\/3713\/revisions\/4169"}],"wp:attachment":[{"href":"https:\/\/pro.barestho.com\/en\/wp-json\/wp\/v2\/media?parent=3713"}],"curies":[{"name":"wp","href":"https:\/\/api.w.org\/{rel}","templated":true}]}}