{"id":5687,"date":"2026-04-02T08:56:02","date_gmt":"2026-04-02T08:56:02","guid":{"rendered":"https:\/\/pro.barestho.com\/?page_id=5687"},"modified":"2026-04-07T07:53:35","modified_gmt":"2026-04-07T07:53:35","slug":"jobs","status":"publish","type":"page","link":"https:\/\/pro.barestho.com\/nl\/jobs\/","title":{"rendered":"Baan"},"content":{"rendered":"<div data-elementor-type=\"wp-page\" data-elementor-id=\"5687\" class=\"elementor elementor-5687\" data-elementor-post-type=\"page\">\n\t\t\t\t<div class=\"elementor-element elementor-element-a18e71f e-flex e-con-boxed e-con e-parent\" data-id=\"a18e71f\" data-element_type=\"container\" data-e-type=\"container\" data-settings=\"{&quot;background_background&quot;:&quot;gradient&quot;}\">\n\t\t\t\t\t<div class=\"e-con-inner\">\n\t\t<div class=\"elementor-element elementor-element-d793a43 e-con-full e-flex e-con e-child\" data-id=\"d793a43\" data-element_type=\"container\" data-e-type=\"container\" data-settings=\"{&quot;animation&quot;:&quot;none&quot;,&quot;animation_mobile&quot;:&quot;none&quot;}\">\n\t\t\t\t<div class=\"elementor-element elementor-element-4f5aaf7 elementor-widget elementor-widget-heading\" data-id=\"4f5aaf7\" data-element_type=\"widget\" data-e-type=\"widget\" data-settings=\"{&quot;_animation&quot;:&quot;none&quot;,&quot;_animation_mobile&quot;:&quot;none&quot;}\" data-widget_type=\"heading.default\">\n\t\t\t\t\t<h1 class=\"elementor-heading-title elementor-size-default\">Travailler chez Barestho<\/h1>\t\t\t\t<\/div>\n\t\t\t\t<div class=\"elementor-element elementor-element-eb6716d elementor-widget elementor-widget-text-editor\" data-id=\"eb6716d\" data-element_type=\"widget\" data-e-type=\"widget\" data-settings=\"{&quot;_animation&quot;:&quot;none&quot;,&quot;_animation_mobile&quot;:&quot;none&quot;}\" data-widget_type=\"text-editor.default\">\n\t\t\t\t\t\t\t\t\t<p class=\"p1\">Une \u00e9quipe \u00e0 taille humaine, une vraie mission, et beaucoup de projets \u00e0 venir.<br><span style=\"background-color: transparent;\">Si tu aimes construire des choses qui ont du sens, tu es au bon endroit.<\/span><\/p>\t\t\t\t\t\t\t\t<\/div>\n\t\t\t\t<div class=\"elementor-element elementor-element-73b467a elementor-button-success elementor-align-center elementor-widget elementor-widget-button\" data-id=\"73b467a\" data-element_type=\"widget\" data-e-type=\"widget\" data-settings=\"{&quot;_animation&quot;:&quot;none&quot;,&quot;_animation_mobile&quot;:&quot;none&quot;}\" data-widget_type=\"button.default\">\n\t\t\t\t\t\t\t\t\t\t<a class=\"elementor-button elementor-button-link elementor-size-sm\" href=\"#job\">\n\t\t\t\t\t\t<span class=\"elementor-button-content-wrapper\">\n\t\t\t\t\t\t\t\t\t<span class=\"elementor-button-text\">Je veux rejoindre l\u2019\u00e9quipe<\/span>\n\t\t\t\t\t<\/span>\n\t\t\t\t\t<\/a>\n\t\t\t\t\t\t\t\t<\/div>\n\t\t\t\t<div class=\"elementor-element elementor-element-d39881d elementor-widget elementor-widget-image\" data-id=\"d39881d\" data-element_type=\"widget\" data-e-type=\"widget\" data-widget_type=\"image.default\">\n\t\t\t\t\t\t\t\t\t\t\t\t\t\t\t<img fetchpriority=\"high\" decoding=\"async\" width=\"2560\" height=\"1034\" src=\"https:\/\/pro.barestho.com\/wp-content\/uploads\/2026\/04\/team-job-scaled.png\" class=\"attachment-full size-full wp-image-5716\" alt=\"\" srcset=\"https:\/\/pro.barestho.com\/wp-content\/uploads\/2026\/04\/team-job-scaled.png 2560w, https:\/\/pro.barestho.com\/wp-content\/uploads\/2026\/04\/team-job-300x121.png 300w, https:\/\/pro.barestho.com\/wp-content\/uploads\/2026\/04\/team-job-1024x414.png 1024w, https:\/\/pro.barestho.com\/wp-content\/uploads\/2026\/04\/team-job-768x310.png 768w, https:\/\/pro.barestho.com\/wp-content\/uploads\/2026\/04\/team-job-1536x621.png 1536w, https:\/\/pro.barestho.com\/wp-content\/uploads\/2026\/04\/team-job-2048x827.png 2048w\" sizes=\"(max-width: 2560px) 100vw, 2560px\" \/>\t\t\t\t\t\t\t\t\t\t\t\t\t\t\t<\/div>\n\t\t\t\t<\/div>\n\t\t\t\t\t<\/div>\n\t\t\t\t<\/div>\n\t\t<div class=\"elementor-element elementor-element-0f6d990 e-grid e-con-boxed e-con e-parent\" data-id=\"0f6d990\" data-element_type=\"container\" data-e-type=\"container\" id=\"job\">\n\t\t\t\t\t<div class=\"e-con-inner\">\n\t\t\t\t<div class=\"elementor-element elementor-element-083b3d9 elementor-cta--layout-image-above elementor-cta--skin-classic elementor-animated-content elementor-bg-transform elementor-bg-transform-zoom-in elementor-widget elementor-widget-call-to-action\" data-id=\"083b3d9\" data-element_type=\"widget\" data-e-type=\"widget\" data-widget_type=\"call-to-action.default\">\n\t\t\t\t\t\t\t<div class=\"elementor-cta\">\n\t\t\t\t\t<div class=\"elementor-cta__bg-wrapper\">\n\t\t\t\t<div class=\"elementor-cta__bg elementor-bg\" style=\"background-image: url(https:\/\/pro.barestho.com\/wp-content\/uploads\/2026\/04\/SDR-1024x682.webp);\" role=\"img\" aria-label=\"SDR\"><\/div>\n\t\t\t\t<div class=\"elementor-cta__bg-overlay\"><\/div>\n\t\t\t<\/div>\n\t\t\t\t\t\t\t<div class=\"elementor-cta__content\">\n\t\t\t\t\n\t\t\t\t\t\t\t\t\t<h1 class=\"elementor-cta__title elementor-cta__content-item elementor-content-item\">\n\t\t\t\t\t\tSales Development Representative (H\/F\/X)\t\t\t\t\t<\/h1>\n\t\t\t\t\n\t\t\t\t\t\t\t\t\t<div class=\"elementor-cta__description elementor-cta__content-item elementor-content-item\">\n\t\t\t\t\t\tEn tant que SDR, ton r\u00f4le est de prospecter et qualifier des restaurateurs, prendre des rendez-vous, alimenter le CRM et identifier de nouvelles opportunit\u00e9s, ce qui contribue \u00e0 la croissance de l'entreprise.\t\t\t\t\t<\/div>\n\t\t\t\t\n\t\t\t\t\t\t\t\t\t<div class=\"elementor-cta__button-wrapper elementor-cta__content-item elementor-content-item\">\n\t\t\t\t\t<a class=\"elementor-cta__button elementor-button elementor-size-\" href=\"https:\/\/pro.barestho.com\/nl\/sdr\/\">\n\t\t\t\t\t\tVoir le job\t\t\t\t\t<\/a>\n\t\t\t\t\t<\/div>\n\t\t\t\t\t\t\t<\/div>\n\t\t\t\t\t\t<\/div>\n\t\t\t\t\t\t<\/div>\n\t\t\t\t<div class=\"elementor-element elementor-element-a145ec8 elementor-cta--layout-image-above elementor-cta--skin-classic elementor-animated-content elementor-bg-transform elementor-bg-transform-zoom-in elementor-widget elementor-widget-call-to-action\" data-id=\"a145ec8\" data-element_type=\"widget\" data-e-type=\"widget\" data-widget_type=\"call-to-action.default\">\n\t\t\t\t\t\t\t<div class=\"elementor-cta\">\n\t\t\t\t\t<div class=\"elementor-cta__bg-wrapper\">\n\t\t\t\t<div class=\"elementor-cta__bg elementor-bg\" style=\"background-image: url(https:\/\/pro.barestho.com\/wp-content\/uploads\/2026\/04\/Account-Executive-1-1024x786.webp);\" role=\"img\" aria-label=\"Account Executive\"><\/div>\n\t\t\t\t<div class=\"elementor-cta__bg-overlay\"><\/div>\n\t\t\t<\/div>\n\t\t\t\t\t\t\t<div class=\"elementor-cta__content\">\n\t\t\t\t\n\t\t\t\t\t\t\t\t\t<h2 class=\"elementor-cta__title elementor-cta__content-item elementor-content-item\">\n\t\t\t\t\t\tAccount Executive<br>(H\/F\/X)\t\t\t\t\t<\/h2>\n\t\t\t\t\n\t\t\t\t\t\t\t\t\t<div class=\"elementor-cta__description elementor-cta__content-item elementor-content-item\">\n\t\t\t\t\t\tEn tant qu\u2019Account Executive, ton r\u00f4le est de r\u00e9aliser des d\u00e9mos, comprendre les besoins des restaurateurs, convaincre en rendez-vous, n\u00e9gocier et conclure des ventes, tout en suivant tes opportunit\u00e9s dans le CRM \t\t\t\t\t<\/div>\n\t\t\t\t\n\t\t\t\t\t\t\t\t\t<div class=\"elementor-cta__button-wrapper elementor-cta__content-item elementor-content-item\">\n\t\t\t\t\t<a class=\"elementor-cta__button elementor-button elementor-size-\" href=\"https:\/\/pro.barestho.com\/nl\/account-executive\/\">\n\t\t\t\t\t\tVoir le job\t\t\t\t\t<\/a>\n\t\t\t\t\t<\/div>\n\t\t\t\t\t\t\t<\/div>\n\t\t\t\t\t\t<\/div>\n\t\t\t\t\t\t<\/div>\n\t\t\t\t<div class=\"elementor-element elementor-element-41c6f33 elementor-cta--layout-image-above elementor-cta--skin-classic elementor-animated-content elementor-bg-transform elementor-bg-transform-zoom-in elementor-widget elementor-widget-call-to-action\" data-id=\"41c6f33\" data-element_type=\"widget\" data-e-type=\"widget\" data-widget_type=\"call-to-action.default\">\n\t\t\t\t\t\t\t<div class=\"elementor-cta\">\n\t\t\t\t\t<div class=\"elementor-cta__bg-wrapper\">\n\t\t\t\t<div class=\"elementor-cta__bg elementor-bg\" style=\"background-image: url(https:\/\/pro.barestho.com\/wp-content\/uploads\/2026\/04\/Account-Executive-1024x682.webp);\" role=\"img\" aria-label=\"Customer Success Manager\"><\/div>\n\t\t\t\t<div class=\"elementor-cta__bg-overlay\"><\/div>\n\t\t\t<\/div>\n\t\t\t\t\t\t\t<div class=\"elementor-cta__content\">\n\t\t\t\t\n\t\t\t\t\t\t\t\t\t<h2 class=\"elementor-cta__title elementor-cta__content-item elementor-content-item\">\n\t\t\t\t\t\tCustomer Success Manager (H\/F\/X)\t\t\t\t\t<\/h2>\n\t\t\t\t\n\t\t\t\t\t\t\t\t\t<div class=\"elementor-cta__description elementor-cta__content-item elementor-content-item\">\n\t\t\t\t\t\tEn tant que CSM, ton r\u00f4le est d\u2019onboarder et former les clients, les accompagner au quotidien, g\u00e9rer les renouvellements et identifier des opportunit\u00e9s d\u2019upsell, ce qui contribue \u00e0 leur satisfaction et \u00e0 la croissance de l\u2019entreprise.\t\t\t\t\t<\/div>\n\t\t\t\t\n\t\t\t\t\t\t\t\t\t<div class=\"elementor-cta__button-wrapper elementor-cta__content-item elementor-content-item\">\n\t\t\t\t\t<a class=\"elementor-cta__button elementor-button elementor-size-\" href=\"https:\/\/pro.barestho.com\/nl\/customer-success-manager\/\">\n\t\t\t\t\t\tVoir le job\t\t\t\t\t<\/a>\n\t\t\t\t\t<\/div>\n\t\t\t\t\t\t\t<\/div>\n\t\t\t\t\t\t<\/div>\n\t\t\t\t\t\t<\/div>\n\t\t\t\t\t<\/div>\n\t\t\t\t<\/div>\n\t\t\t\t<\/div>","protected":false},"excerpt":{"rendered":"<p>Travailler chez Barestho Une \u00e9quipe \u00e0 taille humaine, une vraie mission, et beaucoup de projets \u00e0 venir.Si tu aimes construire des choses qui ont du sens, tu es au bon endroit. Je veux rejoindre l\u2019\u00e9quipe Sales Development Representative (H\/F\/X) En tant que SDR, ton r\u00f4le est de prospecter et qualifier des restaurateurs, prendre des rendez-vous, [&hellip;]<\/p>\n","protected":false},"author":1,"featured_media":0,"parent":0,"menu_order":0,"comment_status":"closed","ping_status":"closed","template":"","meta":{"footnotes":""},"class_list":["post-5687","page","type-page","status-publish","hentry"],"_links":{"self":[{"href":"https:\/\/pro.barestho.com\/nl\/wp-json\/wp\/v2\/pages\/5687","targetHints":{"allow":["GET"]}}],"collection":[{"href":"https:\/\/pro.barestho.com\/nl\/wp-json\/wp\/v2\/pages"}],"about":[{"href":"https:\/\/pro.barestho.com\/nl\/wp-json\/wp\/v2\/types\/page"}],"author":[{"embeddable":true,"href":"https:\/\/pro.barestho.com\/nl\/wp-json\/wp\/v2\/users\/1"}],"replies":[{"embeddable":true,"href":"https:\/\/pro.barestho.com\/nl\/wp-json\/wp\/v2\/comments?post=5687"}],"version-history":[{"count":151,"href":"https:\/\/pro.barestho.com\/nl\/wp-json\/wp\/v2\/pages\/5687\/revisions"}],"predecessor-version":[{"id":6130,"href":"https:\/\/pro.barestho.com\/nl\/wp-json\/wp\/v2\/pages\/5687\/revisions\/6130"}],"wp:attachment":[{"href":"https:\/\/pro.barestho.com\/nl\/wp-json\/wp\/v2\/media?parent=5687"}],"curies":[{"name":"wp","href":"https:\/\/api.w.org\/{rel}","templated":true}]}}